{"id":18474,"date":"2025-02-18T14:10:23","date_gmt":"2025-02-18T14:10:23","guid":{"rendered":"https:\/\/mistercool.ch\/private-label\/"},"modified":"2025-03-27T12:44:26","modified_gmt":"2025-03-27T12:44:26","slug":"private-label","status":"publish","type":"page","link":"https:\/\/mistercool.ch\/fr\/private-label\/","title":{"rendered":"Private Label"},"content":{"rendered":"\t\t<div data-elementor-type=\"wp-page\" data-elementor-id=\"18474\" class=\"elementor elementor-18474 elementor-18419\" data-elementor-post-type=\"page\">\n\t\t\t\t<div class=\"elementor-element elementor-element-2f54e43 e-flex e-con-boxed e-con e-parent\" data-id=\"2f54e43\" data-element_type=\"container\" data-e-type=\"container\" data-settings=\"{&quot;background_background&quot;:&quot;gradient&quot;,&quot;motion_fx_motion_fx_scrolling&quot;:&quot;yes&quot;,&quot;shape_divider_bottom&quot;:&quot;wave-brush&quot;,&quot;motion_fx_devices&quot;:[&quot;desktop&quot;,&quot;laptop&quot;,&quot;tablet&quot;,&quot;mobile&quot;]}\">\n\t\t\t\t\t<div class=\"e-con-inner\">\n\t\t\t\t<div class=\"elementor-shape elementor-shape-bottom\" aria-hidden=\"true\" data-negative=\"false\">\n\t\t\t<svg xmlns=\"http:\/\/www.w3.org\/2000\/svg\" viewBox=\"0 0 283.5 27.8\" preserveAspectRatio=\"none\">\n\t<path class=\"elementor-shape-fill\" d=\"M283.5,9.7c0,0-7.3,4.3-14,4.6c-6.8,0.3-12.6,0-20.9-1.5c-11.3-2-33.1-10.1-44.7-5.7\ts-12.1,4.6-18,7.4c-6.6,3.2-20,9.6-36.6,9.3C131.6,23.5,99.5,7.2,86.3,8c-1.4,0.1-6.6,0.8-10.5,2c-3.8,1.2-9.4,3.8-17,4.7\tc-3.2,0.4-8.3,1.1-14.2,0.9c-1.5-0.1-6.3-0.4-12-1.6c-5.7-1.2-11-3.1-15.8-3.7C6.5,9.2,0,10.8,0,10.8V0h283.5V9.7z M260.8,11.3\tc-0.7-1-2-0.4-4.3-0.4c-2.3,0-6.1-1.2-5.8-1.1c0.3,0.1,3.1,1.5,6,1.9C259.7,12.2,261.4,12.3,260.8,11.3z M242.4,8.6\tc0,0-2.4-0.2-5.6-0.9c-3.2-0.8-10.3-2.8-15.1-3.5c-8.2-1.1-15.8,0-15.1,0.1c0.8,0.1,9.6-0.6,17.6,1.1c3.3,0.7,9.3,2.2,12.4,2.7\tC239.9,8.7,242.4,8.6,242.4,8.6z M185.2,8.5c1.7-0.7-13.3,4.7-18.5,6.1c-2.1,0.6-6.2,1.6-10,2c-3.9,0.4-8.9,0.4-8.8,0.5\tc0,0.2,5.8,0.8,11.2,0c5.4-0.8,5.2-1.1,7.6-1.6C170.5,14.7,183.5,9.2,185.2,8.5z M199.1,6.9c0.2,0-0.8-0.4-4.8,1.1\tc-4,1.5-6.7,3.5-6.9,3.7c-0.2,0.1,3.5-1.8,6.6-3C197,7.5,199,6.9,199.1,6.9z M283,6c-0.1,0.1-1.9,1.1-4.8,2.5s-6.9,2.8-6.7,2.7\tc0.2,0,3.5-0.6,7.4-2.5C282.8,6.8,283.1,5.9,283,6z M31.3,11.6c0.1-0.2-1.9-0.2-4.5-1.2s-5.4-1.6-7.8-2C15,7.6,7.3,8.5,7.7,8.6\tC8,8.7,15.9,8.3,20.2,9.3c2.2,0.5,2.4,0.5,5.7,1.6S31.2,11.9,31.3,11.6z M73,9.2c0.4-0.1,3.5-1.6,8.4-2.6c4.9-1.1,8.9-0.5,8.9-0.8\tc0-0.3-1-0.9-6.2-0.3S72.6,9.3,73,9.2z M71.6,6.7C71.8,6.8,75,5.4,77.3,5c2.3-0.3,1.9-0.5,1.9-0.6c0-0.1-1.1-0.2-2.7,0.2\tC74.8,5.1,71.4,6.6,71.6,6.7z M93.6,4.4c0.1,0.2,3.5,0.8,5.6,1.8c2.1,1,1.8,0.6,1.9,0.5c0.1-0.1-0.8-0.8-2.4-1.3\tC97.1,4.8,93.5,4.2,93.6,4.4z M65.4,11.1c-0.1,0.3,0.3,0.5,1.9-0.2s2.6-1.3,2.2-1.2s-0.9,0.4-2.5,0.8C65.3,10.9,65.5,10.8,65.4,11.1\tz M34.5,12.4c-0.2,0,2.1,0.8,3.3,0.9c1.2,0.1,2,0.1,2-0.2c0-0.3-0.1-0.5-1.6-0.4C36.6,12.8,34.7,12.4,34.5,12.4z M152.2,21.1\tc-0.1,0.1-2.4-0.3-7.5-0.3c-5,0-13.6-2.4-17.2-3.5c-3.6-1.1,10,3.9,16.5,4.1C150.5,21.6,152.3,21,152.2,21.1z\"\/>\n\t<path class=\"elementor-shape-fill\" d=\"M269.6,18c-0.1-0.1-4.6,0.3-7.2,0c-7.3-0.7-17-3.2-16.6-2.9c0.4,0.3,13.7,3.1,17,3.3\tC267.7,18.8,269.7,18,269.6,18z\"\/>\n\t<path class=\"elementor-shape-fill\" d=\"M227.4,9.8c-0.2-0.1-4.5-1-9.5-1.2c-5-0.2-12.7,0.6-12.3,0.5c0.3-0.1,5.9-1.8,13.3-1.2\tS227.6,9.9,227.4,9.8z\"\/>\n\t<path class=\"elementor-shape-fill\" d=\"M204.5,13.4c-0.1-0.1,2-1,3.2-1.1c1.2-0.1,2,0,2,0.3c0,0.3-0.1,0.5-1.6,0.4\tC206.4,12.9,204.6,13.5,204.5,13.4z\"\/>\n\t<path class=\"elementor-shape-fill\" d=\"M201,10.6c0-0.1-4.4,1.2-6.3,2.2c-1.9,0.9-6.2,3.1-6.1,3.1c0.1,0.1,4.2-1.6,6.3-2.6\tS201,10.7,201,10.6z\"\/>\n\t<path class=\"elementor-shape-fill\" d=\"M154.5,26.7c-0.1-0.1-4.6,0.3-7.2,0c-7.3-0.7-17-3.2-16.6-2.9c0.4,0.3,13.7,3.1,17,3.3\tC152.6,27.5,154.6,26.8,154.5,26.7z\"\/>\n\t<path class=\"elementor-shape-fill\" d=\"M41.9,19.3c0,0,1.2-0.3,2.9-0.1c1.7,0.2,5.8,0.9,8.2,0.7c4.2-0.4,7.4-2.7,7-2.6\tc-0.4,0-4.3,2.2-8.6,1.9c-1.8-0.1-5.1-0.5-6.7-0.4S41.9,19.3,41.9,19.3z\"\/>\n\t<path class=\"elementor-shape-fill\" d=\"M75.5,12.6c0.2,0.1,2-0.8,4.3-1.1c2.3-0.2,2.1-0.3,2.1-0.5c0-0.1-1.8-0.4-3.4,0\tC76.9,11.5,75.3,12.5,75.5,12.6z\"\/>\n\t<path class=\"elementor-shape-fill\" d=\"M15.6,13.2c0-0.1,4.3,0,6.7,0.5c2.4,0.5,5,1.9,5,2c0,0.1-2.7-0.8-5.1-1.4\tC19.9,13.7,15.7,13.3,15.6,13.2z\"\/>\n<\/svg>\t\t<\/div>\n\t\t<div class=\"elementor-element elementor-element-5619eb8 e-con-full e-flex e-con e-child\" data-id=\"5619eb8\" data-element_type=\"container\" data-e-type=\"container\">\n\t\t\t\t<div class=\"elementor-element elementor-element-b20b539 elementor-invisible elementor-widget elementor-widget-heading\" data-id=\"b20b539\" data-element_type=\"widget\" data-e-type=\"widget\" data-settings=\"{&quot;_animation&quot;:&quot;fadeInUp&quot;}\" data-widget_type=\"heading.default\">\n\t\t\t\t\t<h1 class=\"elementor-heading-title elementor-size-default\">Private Label<\/h1>\t\t\t\t<\/div>\n\t\t<div class=\"elementor-element elementor-element-25478b8 e-con-full e-flex e-con e-child\" data-id=\"25478b8\" data-element_type=\"container\" data-e-type=\"container\">\n\t\t\t\t<\/div>\n\t\t\t\t<\/div>\n\t\t\t\t\t<\/div>\n\t\t\t\t<\/div>\n\t\t<div class=\"elementor-element elementor-element-ad94cdf e-flex e-con-boxed e-con e-parent\" data-id=\"ad94cdf\" data-element_type=\"container\" data-e-type=\"container\">\n\t\t\t\t\t<div class=\"e-con-inner\">\n\t\t<div class=\"elementor-element elementor-element-17c7f3c e-con-full e-flex e-con e-child\" data-id=\"17c7f3c\" data-element_type=\"container\" data-e-type=\"container\" data-settings=\"{&quot;background_background&quot;:&quot;classic&quot;}\">\n\t\t\t\t<div class=\"elementor-element elementor-element-950f485 elementor-widget elementor-widget-heading\" data-id=\"950f485\" data-element_type=\"widget\" data-e-type=\"widget\" data-widget_type=\"heading.default\">\n\t\t\t\t\t<p class=\"elementor-heading-title elementor-size-default\">L\u2019esprit cr\u00e9atif<\/p>\t\t\t\t<\/div>\n\t\t\t\t<div class=\"elementor-element elementor-element-e6b356c elementor-widget elementor-widget-heading\" data-id=\"e6b356c\" data-element_type=\"widget\" data-e-type=\"widget\" data-widget_type=\"heading.default\">\n\t\t\t\t\t<h2 class=\"elementor-heading-title elementor-size-default\">Produits glac\u00e9s personnalis\u00e9s pour votre marque<\/h2>\t\t\t\t<\/div>\n\t\t\t\t<div class=\"elementor-element elementor-element-3165568 elementor-widget elementor-widget-text-editor\" data-id=\"3165568\" data-element_type=\"widget\" data-e-type=\"widget\" data-widget_type=\"text-editor.default\">\n\t\t\t\t\t\t\t\t\t<p>Vous \u00eates un d\u00e9taillant qui propose une gamme de glaces o\u00f9 vous avez une marque que vous souhaitez compl\u00e9ter par des produits \u00e0 base de glaces? Avec nous, vous \u00eates \u00e0 la bonne adresse: C&rsquo;est un plaisir pour nous d&rsquo;\u00eatre votre partenaire dans le d\u00e9veloppement et la production de votre marque priv\u00e9e. Vous trouverez ci-dessous les possibilit\u00e9s et les \u00e9l\u00e9ments \u00e0 consid\u00e9rer pour une mise en \u0153uvre r\u00e9ussie.  <\/p>\n\t\t\t\t\t\t\t\t<\/div>\n\t\t\t\t<div class=\"elementor-element elementor-element-1b52070 elementor-widget elementor-widget-text-editor\" data-id=\"1b52070\" data-element_type=\"widget\" data-e-type=\"widget\" data-widget_type=\"text-editor.default\">\n\t\t\t\t\t\t\t\t\t<div class=\"table_component\" tabindex=\"0\" role=\"region\">\n<table>\n<thead>\n<tr>\n<th>Type de produit <\/th>\n<th>Volume(ml)<\/th>\n<th>Quantit\u00e9 minimale* (pcs.)<\/th>\n<\/tr>\n<\/thead>\n<tbody>\n<tr>\n<td rowspan=\"2\">Bacs<\/td>\n<td>900-3\u2019000<\/td>\n<td>1\u2019500<\/td>\n<\/tr>\n<tr>\n<td>4&rsquo;000<\/td>\n<td>850<\/td>\n<\/tr>\n<tr>\n<td rowspan=\"2\">Pots\/ gobelets<\/td>\n<td>135<\/td>\n<td>5&rsquo;000<\/td>\n<\/tr>\n<tr>\n<td>480<\/td>\n<td>2&rsquo;500<\/td>\n<\/tr>\n<tr>\n<td>Cornets<\/td>\n<td>145<\/td>\n<td>9&rsquo;600<\/td>\n<\/tr>\n<tr>\n<td>Sucettes<\/td>\n<td>75<\/td>\n<td>2&rsquo;400<\/td>\n<\/tr>\n<tr>\n<td>G\u00e2teaux de glace<\/td>\n<td>1&rsquo;046<\/td>\n<td>2&rsquo;500<\/td>\n<\/tr>\n<tr>\n<td>B\u00fbches<\/td>\n<td>750<\/td>\n<td>3&rsquo;600<\/td>\n<\/tr>\n<\/tbody>\n<\/table>\n<\/div>\n\t\t\t\t\t\t\t\t<\/div>\n\t\t\t\t<div class=\"elementor-element elementor-element-9d7f401 elementor-widget elementor-widget-text-editor\" data-id=\"9d7f401\" data-element_type=\"widget\" data-e-type=\"widget\" data-widget_type=\"text-editor.default\">\n\t\t\t\t\t\t\t\t\t<p class=\"p1\">*La quantit\u00e9 minimale est une valeur indicative de vari\u00e9t\u00e9 et de production. Le mat\u00e9riel d&#8217;emballage doit \u00eatre planifi\u00e9 s\u00e9par\u00e9ment. <\/p>\n\t\t\t\t\t\t\t\t<\/div>\n\t\t\t\t<div class=\"elementor-element elementor-element-5b57f31 elementor-widget elementor-widget-html\" data-id=\"5b57f31\" data-element_type=\"widget\" data-e-type=\"widget\" data-widget_type=\"html.default\">\n\t\t\t\t\t<style>.table_component {\n    overflow: auto;\n    width: 100%;\n}\n\n.table_component table {\n    border: 1px solid #dededf;\n    height: 100%;\n    width: 100%;\n    table-layout: fixed;\n    border-collapse: collapse;\n    border-spacing: 1px;\n    text-align: left;\n    background: transparent;\n}\n\n.table_component caption {\n    caption-side: top;\n    text-align: left;\n}\n\n.table_component th {\n    border: 1px solid #dededf;\n    background-color: #466091;\n    color: #ffffff;\n    padding: 5px;\n\n}\n\n.table_component td {\n    border: 1px solid #dededf;\n    background-color: #ffffff!important;\n    color: #000000;\n    padding: 5px;\n}\n\n@media (max-width: 768px) {\n .table_component th {\n   font-size:0.75rem;\n  }\n  .table_component table {\n      font-size:0.75rem;\n  }\n  \n}\n<\/style>\t\t\t\t<\/div>\n\t\t<div class=\"elementor-element elementor-element-22cab53 e-grid e-con-full e-con e-child\" data-id=\"22cab53\" data-element_type=\"container\" data-e-type=\"container\">\n\t\t\t\t<div class=\"elementor-element elementor-element-f2ae4b1 elementor-widget elementor-widget-image\" data-id=\"f2ae4b1\" data-element_type=\"widget\" data-e-type=\"widget\" data-widget_type=\"image.default\">\n\t\t\t\t\t\t\t\t\t\t\t\t\t\t\t<img fetchpriority=\"high\" decoding=\"async\" width=\"768\" height=\"1024\" src=\"https:\/\/mistercool.ch\/wp-content\/uploads\/2025\/02\/Fruchtstaengel_Mango-768x1024.png\" class=\"attachment-large size-large wp-image-18438\" alt=\"\" srcset=\"https:\/\/mistercool.ch\/wp-content\/uploads\/2025\/02\/Fruchtstaengel_Mango-768x1024.png 768w, https:\/\/mistercool.ch\/wp-content\/uploads\/2025\/02\/Fruchtstaengel_Mango-225x300.png 225w, https:\/\/mistercool.ch\/wp-content\/uploads\/2025\/02\/Fruchtstaengel_Mango-1152x1536.png 1152w, https:\/\/mistercool.ch\/wp-content\/uploads\/2025\/02\/Fruchtstaengel_Mango-1536x2048.png 1536w, https:\/\/mistercool.ch\/wp-content\/uploads\/2025\/02\/Fruchtstaengel_Mango-600x800.png 600w\" sizes=\"(max-width: 768px) 100vw, 768px\" \/>\t\t\t\t\t\t\t\t\t\t\t\t\t\t\t<\/div>\n\t\t\t\t<div class=\"elementor-element elementor-element-a2e706e elementor-widget elementor-widget-image\" data-id=\"a2e706e\" data-element_type=\"widget\" data-e-type=\"widget\" data-widget_type=\"image.default\">\n\t\t\t\t\t\t\t\t\t\t\t\t\t\t\t<img decoding=\"async\" width=\"768\" height=\"1024\" src=\"https:\/\/mistercool.ch\/wp-content\/uploads\/2025\/02\/Vacherin_Romanoff_3D_Schachtel-768x1024.png\" class=\"attachment-large size-large wp-image-18435\" alt=\"\" srcset=\"https:\/\/mistercool.ch\/wp-content\/uploads\/2025\/02\/Vacherin_Romanoff_3D_Schachtel-768x1024.png 768w, https:\/\/mistercool.ch\/wp-content\/uploads\/2025\/02\/Vacherin_Romanoff_3D_Schachtel-225x300.png 225w, https:\/\/mistercool.ch\/wp-content\/uploads\/2025\/02\/Vacherin_Romanoff_3D_Schachtel-1152x1536.png 1152w, https:\/\/mistercool.ch\/wp-content\/uploads\/2025\/02\/Vacherin_Romanoff_3D_Schachtel-1536x2048.png 1536w, https:\/\/mistercool.ch\/wp-content\/uploads\/2025\/02\/Vacherin_Romanoff_3D_Schachtel-600x800.png 600w\" sizes=\"(max-width: 768px) 100vw, 768px\" \/>\t\t\t\t\t\t\t\t\t\t\t\t\t\t\t<\/div>\n\t\t\t\t<div class=\"elementor-element elementor-element-ba3cdfd elementor-widget elementor-widget-image\" data-id=\"ba3cdfd\" data-element_type=\"widget\" data-e-type=\"widget\" data-widget_type=\"image.default\">\n\t\t\t\t\t\t\t\t\t\t\t\t\t\t\t<img decoding=\"async\" width=\"768\" height=\"1024\" src=\"https:\/\/mistercool.ch\/wp-content\/uploads\/2025\/02\/Bidon_Rahmglace_Erdbeer_3D-768x1024.png\" class=\"attachment-large size-large wp-image-18432\" alt=\"\" srcset=\"https:\/\/mistercool.ch\/wp-content\/uploads\/2025\/02\/Bidon_Rahmglace_Erdbeer_3D-768x1024.png 768w, https:\/\/mistercool.ch\/wp-content\/uploads\/2025\/02\/Bidon_Rahmglace_Erdbeer_3D-225x300.png 225w, https:\/\/mistercool.ch\/wp-content\/uploads\/2025\/02\/Bidon_Rahmglace_Erdbeer_3D-1152x1536.png 1152w, https:\/\/mistercool.ch\/wp-content\/uploads\/2025\/02\/Bidon_Rahmglace_Erdbeer_3D-1536x2048.png 1536w, https:\/\/mistercool.ch\/wp-content\/uploads\/2025\/02\/Bidon_Rahmglace_Erdbeer_3D-600x800.png 600w\" sizes=\"(max-width: 768px) 100vw, 768px\" \/>\t\t\t\t\t\t\t\t\t\t\t\t\t\t\t<\/div>\n\t\t\t\t<div class=\"elementor-element elementor-element-784338c elementor-widget elementor-widget-image\" data-id=\"784338c\" data-element_type=\"widget\" data-e-type=\"widget\" data-widget_type=\"image.default\">\n\t\t\t\t\t\t\t\t\t\t\t\t\t\t\t<img loading=\"lazy\" decoding=\"async\" width=\"800\" height=\"987\" src=\"https:\/\/mistercool.ch\/wp-content\/uploads\/2025\/02\/4705-bearbeitet-830x1024.jpg\" class=\"attachment-large size-large wp-image-18429\" alt=\"\" srcset=\"https:\/\/mistercool.ch\/wp-content\/uploads\/2025\/02\/4705-bearbeitet-830x1024.jpg 830w, https:\/\/mistercool.ch\/wp-content\/uploads\/2025\/02\/4705-bearbeitet-243x300.jpg 243w, https:\/\/mistercool.ch\/wp-content\/uploads\/2025\/02\/4705-bearbeitet-768x947.jpg 768w, https:\/\/mistercool.ch\/wp-content\/uploads\/2025\/02\/4705-bearbeitet-1245x1536.jpg 1245w, https:\/\/mistercool.ch\/wp-content\/uploads\/2025\/02\/4705-bearbeitet-600x740.jpg 600w, https:\/\/mistercool.ch\/wp-content\/uploads\/2025\/02\/4705-bearbeitet.jpg 1525w\" sizes=\"(max-width: 800px) 100vw, 800px\" \/>\t\t\t\t\t\t\t\t\t\t\t\t\t\t\t<\/div>\n\t\t\t\t<div class=\"elementor-element elementor-element-1d38bbb elementor-widget elementor-widget-image\" data-id=\"1d38bbb\" data-element_type=\"widget\" data-e-type=\"widget\" data-widget_type=\"image.default\">\n\t\t\t\t\t\t\t\t\t\t\t\t\t\t\t<img loading=\"lazy\" decoding=\"async\" width=\"768\" height=\"1024\" src=\"https:\/\/mistercool.ch\/wp-content\/uploads\/2025\/02\/Cornet_Vanille_3D-768x1024.png\" class=\"attachment-large size-large wp-image-18426\" alt=\"\" srcset=\"https:\/\/mistercool.ch\/wp-content\/uploads\/2025\/02\/Cornet_Vanille_3D-768x1024.png 768w, https:\/\/mistercool.ch\/wp-content\/uploads\/2025\/02\/Cornet_Vanille_3D-225x300.png 225w, https:\/\/mistercool.ch\/wp-content\/uploads\/2025\/02\/Cornet_Vanille_3D-1152x1536.png 1152w, https:\/\/mistercool.ch\/wp-content\/uploads\/2025\/02\/Cornet_Vanille_3D-1536x2048.png 1536w, https:\/\/mistercool.ch\/wp-content\/uploads\/2025\/02\/Cornet_Vanille_3D-600x800.png 600w\" sizes=\"(max-width: 768px) 100vw, 768px\" \/>\t\t\t\t\t\t\t\t\t\t\t\t\t\t\t<\/div>\n\t\t\t\t<\/div>\n\t\t\t\t<div class=\"elementor-element elementor-element-4af0e7f elementor-widget elementor-widget-heading\" data-id=\"4af0e7f\" data-element_type=\"widget\" data-e-type=\"widget\" data-widget_type=\"heading.default\">\n\t\t\t\t\t<p class=\"elementor-heading-title elementor-size-default\">Recette<\/p>\t\t\t\t<\/div>\n\t\t\t\t<div class=\"elementor-element elementor-element-f7e4972 elementor-widget elementor-widget-text-editor\" data-id=\"f7e4972\" data-element_type=\"widget\" data-e-type=\"widget\" data-widget_type=\"text-editor.default\">\n\t\t\t\t\t\t\t\t\t<p class=\"p1\">Nous pr\u00e9sentons une proposition bas\u00e9e sur votre briefing. Nous utilisons des ingr\u00e9dients r\u00e9gionaux dans la mesure du possible. <\/p>\n\t\t\t\t\t\t\t\t<\/div>\n\t\t\t\t<div class=\"elementor-element elementor-element-979d68d elementor-widget elementor-widget-heading\" data-id=\"979d68d\" data-element_type=\"widget\" data-e-type=\"widget\" data-widget_type=\"heading.default\">\n\t\t\t\t\t<p class=\"elementor-heading-title elementor-size-default\">Qualit\u00e9<\/p>\t\t\t\t<\/div>\n\t\t\t\t<div class=\"elementor-element elementor-element-2c91ff1 elementor-widget elementor-widget-text-editor\" data-id=\"2c91ff1\" data-element_type=\"widget\" data-e-type=\"widget\" data-widget_type=\"text-editor.default\">\n\t\t\t\t\t\t\t\t\t<p class=\"p1\">Notre entreprise est certifi\u00e9e selon les normes FSSC 22000, ISO 14001, Bio.<\/p>\n\t\t\t\t\t\t\t\t<\/div>\n\t\t\t\t<div class=\"elementor-element elementor-element-4df9170 elementor-widget elementor-widget-heading\" data-id=\"4df9170\" data-element_type=\"widget\" data-e-type=\"widget\" data-widget_type=\"heading.default\">\n\t\t\t\t\t<p class=\"elementor-heading-title elementor-size-default\">Logistique de transport et de stockage<\/p>\t\t\t\t<\/div>\n\t\t\t\t<div class=\"elementor-element elementor-element-62e5c06 elementor-widget elementor-widget-text-editor\" data-id=\"62e5c06\" data-element_type=\"widget\" data-e-type=\"widget\" data-widget_type=\"text-editor.default\">\n\t\t\t\t\t\t\t\t\t<p class=\"p1\">Nous sommes heureux d&rsquo;organiser nos partenaires \u00e0 long terme pour la logistique de transport et de stockage ult\u00e9rieure.<\/p>\n\t\t\t\t\t\t\t\t<\/div>\n\t\t\t\t<div class=\"elementor-element elementor-element-d085fdb elementor-align-left elementor-mobile-align-center elementor-widget elementor-widget-button\" data-id=\"d085fdb\" data-element_type=\"widget\" data-e-type=\"widget\" data-widget_type=\"button.default\">\n\t\t\t\t\t\t\t\t\t\t<a class=\"elementor-button elementor-button-link elementor-size-sm\" href=\"https:\/\/mistercool.ch\/fr\/contact\/\">\n\t\t\t\t\t\t<span class=\"elementor-button-content-wrapper\">\n\t\t\t\t\t\t\t\t\t<span class=\"elementor-button-text\">Contact<\/span>\n\t\t\t\t\t<\/span>\n\t\t\t\t\t<\/a>\n\t\t\t\t\t\t\t\t<\/div>\n\t\t\t\t<\/div>\n\t\t\t\t\t<\/div>\n\t\t\t\t<\/div>\n\t\t<div class=\"elementor-element elementor-element-9fe90c6 e-flex e-con-boxed e-con e-parent\" data-id=\"9fe90c6\" data-element_type=\"container\" data-e-type=\"container\" data-settings=\"{&quot;background_background&quot;:&quot;classic&quot;,&quot;shape_divider_top&quot;:&quot;wave-brush&quot;}\">\n\t\t\t\t\t<div class=\"e-con-inner\">\n\t\t\t\t<div class=\"elementor-shape elementor-shape-top\" aria-hidden=\"true\" data-negative=\"false\">\n\t\t\t<svg xmlns=\"http:\/\/www.w3.org\/2000\/svg\" viewBox=\"0 0 283.5 27.8\" preserveAspectRatio=\"none\">\n\t<path class=\"elementor-shape-fill\" d=\"M283.5,9.7c0,0-7.3,4.3-14,4.6c-6.8,0.3-12.6,0-20.9-1.5c-11.3-2-33.1-10.1-44.7-5.7\ts-12.1,4.6-18,7.4c-6.6,3.2-20,9.6-36.6,9.3C131.6,23.5,99.5,7.2,86.3,8c-1.4,0.1-6.6,0.8-10.5,2c-3.8,1.2-9.4,3.8-17,4.7\tc-3.2,0.4-8.3,1.1-14.2,0.9c-1.5-0.1-6.3-0.4-12-1.6c-5.7-1.2-11-3.1-15.8-3.7C6.5,9.2,0,10.8,0,10.8V0h283.5V9.7z M260.8,11.3\tc-0.7-1-2-0.4-4.3-0.4c-2.3,0-6.1-1.2-5.8-1.1c0.3,0.1,3.1,1.5,6,1.9C259.7,12.2,261.4,12.3,260.8,11.3z M242.4,8.6\tc0,0-2.4-0.2-5.6-0.9c-3.2-0.8-10.3-2.8-15.1-3.5c-8.2-1.1-15.8,0-15.1,0.1c0.8,0.1,9.6-0.6,17.6,1.1c3.3,0.7,9.3,2.2,12.4,2.7\tC239.9,8.7,242.4,8.6,242.4,8.6z M185.2,8.5c1.7-0.7-13.3,4.7-18.5,6.1c-2.1,0.6-6.2,1.6-10,2c-3.9,0.4-8.9,0.4-8.8,0.5\tc0,0.2,5.8,0.8,11.2,0c5.4-0.8,5.2-1.1,7.6-1.6C170.5,14.7,183.5,9.2,185.2,8.5z M199.1,6.9c0.2,0-0.8-0.4-4.8,1.1\tc-4,1.5-6.7,3.5-6.9,3.7c-0.2,0.1,3.5-1.8,6.6-3C197,7.5,199,6.9,199.1,6.9z M283,6c-0.1,0.1-1.9,1.1-4.8,2.5s-6.9,2.8-6.7,2.7\tc0.2,0,3.5-0.6,7.4-2.5C282.8,6.8,283.1,5.9,283,6z M31.3,11.6c0.1-0.2-1.9-0.2-4.5-1.2s-5.4-1.6-7.8-2C15,7.6,7.3,8.5,7.7,8.6\tC8,8.7,15.9,8.3,20.2,9.3c2.2,0.5,2.4,0.5,5.7,1.6S31.2,11.9,31.3,11.6z M73,9.2c0.4-0.1,3.5-1.6,8.4-2.6c4.9-1.1,8.9-0.5,8.9-0.8\tc0-0.3-1-0.9-6.2-0.3S72.6,9.3,73,9.2z M71.6,6.7C71.8,6.8,75,5.4,77.3,5c2.3-0.3,1.9-0.5,1.9-0.6c0-0.1-1.1-0.2-2.7,0.2\tC74.8,5.1,71.4,6.6,71.6,6.7z M93.6,4.4c0.1,0.2,3.5,0.8,5.6,1.8c2.1,1,1.8,0.6,1.9,0.5c0.1-0.1-0.8-0.8-2.4-1.3\tC97.1,4.8,93.5,4.2,93.6,4.4z M65.4,11.1c-0.1,0.3,0.3,0.5,1.9-0.2s2.6-1.3,2.2-1.2s-0.9,0.4-2.5,0.8C65.3,10.9,65.5,10.8,65.4,11.1\tz M34.5,12.4c-0.2,0,2.1,0.8,3.3,0.9c1.2,0.1,2,0.1,2-0.2c0-0.3-0.1-0.5-1.6-0.4C36.6,12.8,34.7,12.4,34.5,12.4z M152.2,21.1\tc-0.1,0.1-2.4-0.3-7.5-0.3c-5,0-13.6-2.4-17.2-3.5c-3.6-1.1,10,3.9,16.5,4.1C150.5,21.6,152.3,21,152.2,21.1z\"\/>\n\t<path class=\"elementor-shape-fill\" d=\"M269.6,18c-0.1-0.1-4.6,0.3-7.2,0c-7.3-0.7-17-3.2-16.6-2.9c0.4,0.3,13.7,3.1,17,3.3\tC267.7,18.8,269.7,18,269.6,18z\"\/>\n\t<path class=\"elementor-shape-fill\" d=\"M227.4,9.8c-0.2-0.1-4.5-1-9.5-1.2c-5-0.2-12.7,0.6-12.3,0.5c0.3-0.1,5.9-1.8,13.3-1.2\tS227.6,9.9,227.4,9.8z\"\/>\n\t<path class=\"elementor-shape-fill\" d=\"M204.5,13.4c-0.1-0.1,2-1,3.2-1.1c1.2-0.1,2,0,2,0.3c0,0.3-0.1,0.5-1.6,0.4\tC206.4,12.9,204.6,13.5,204.5,13.4z\"\/>\n\t<path class=\"elementor-shape-fill\" d=\"M201,10.6c0-0.1-4.4,1.2-6.3,2.2c-1.9,0.9-6.2,3.1-6.1,3.1c0.1,0.1,4.2-1.6,6.3-2.6\tS201,10.7,201,10.6z\"\/>\n\t<path class=\"elementor-shape-fill\" d=\"M154.5,26.7c-0.1-0.1-4.6,0.3-7.2,0c-7.3-0.7-17-3.2-16.6-2.9c0.4,0.3,13.7,3.1,17,3.3\tC152.6,27.5,154.6,26.8,154.5,26.7z\"\/>\n\t<path class=\"elementor-shape-fill\" d=\"M41.9,19.3c0,0,1.2-0.3,2.9-0.1c1.7,0.2,5.8,0.9,8.2,0.7c4.2-0.4,7.4-2.7,7-2.6\tc-0.4,0-4.3,2.2-8.6,1.9c-1.8-0.1-5.1-0.5-6.7-0.4S41.9,19.3,41.9,19.3z\"\/>\n\t<path class=\"elementor-shape-fill\" d=\"M75.5,12.6c0.2,0.1,2-0.8,4.3-1.1c2.3-0.2,2.1-0.3,2.1-0.5c0-0.1-1.8-0.4-3.4,0\tC76.9,11.5,75.3,12.5,75.5,12.6z\"\/>\n\t<path class=\"elementor-shape-fill\" d=\"M15.6,13.2c0-0.1,4.3,0,6.7,0.5c2.4,0.5,5,1.9,5,2c0,0.1-2.7-0.8-5.1-1.4\tC19.9,13.7,15.7,13.3,15.6,13.2z\"\/>\n<\/svg>\t\t<\/div>\n\t\t<div class=\"elementor-element elementor-element-3a669a3 e-flex e-con-boxed e-con e-child\" data-id=\"3a669a3\" data-element_type=\"container\" data-e-type=\"container\">\n\t\t\t\t\t<div class=\"e-con-inner\">\n\t\t\t\t<div class=\"elementor-element elementor-element-80b8364 elementor-widget elementor-widget-heading\" data-id=\"80b8364\" data-element_type=\"widget\" data-e-type=\"widget\" data-widget_type=\"heading.default\">\n\t\t\t\t\t<p class=\"elementor-heading-title elementor-size-default\">Contactez-nous\n<\/p>\t\t\t\t<\/div>\n\t\t\t\t<div class=\"elementor-element elementor-element-9203f65 elementor-widget elementor-widget-heading\" data-id=\"9203f65\" data-element_type=\"widget\" data-e-type=\"widget\" data-widget_type=\"heading.default\">\n\t\t\t\t\t<h3 class=\"elementor-heading-title elementor-size-default\">Que pouvons-nous faire pour vous ?<\/h3>\t\t\t\t<\/div>\n\t\t\t\t<div class=\"elementor-element elementor-element-4d0c9ab elementor-widget elementor-widget-text-editor\" data-id=\"4d0c9ab\" data-element_type=\"widget\" data-e-type=\"widget\" data-widget_type=\"text-editor.default\">\n\t\t\t\t\t\t\t\t\t<p class=\"p1\">Profitez d&rsquo;une \u00e9quipe bien coordonn\u00e9e qui se consacre avec joie et passion \u00e0 la cr\u00e9ation de glaces depuis 1987.<\/p>\n\t\t\t\t\t\t\t\t<\/div>\n\t\t\t\t<div class=\"elementor-element elementor-element-55e197c elementor-align-center elementor-mobile-align-center elementor-widget elementor-widget-button\" data-id=\"55e197c\" data-element_type=\"widget\" data-e-type=\"widget\" data-widget_type=\"button.default\">\n\t\t\t\t\t\t\t\t\t\t<a class=\"elementor-button elementor-button-link elementor-size-sm\" href=\"https:\/\/mistercool.ch\/fr\/contact\/\">\n\t\t\t\t\t\t<span class=\"elementor-button-content-wrapper\">\n\t\t\t\t\t\t\t\t\t<span class=\"elementor-button-text\">Contact<\/span>\n\t\t\t\t\t<\/span>\n\t\t\t\t\t<\/a>\n\t\t\t\t\t\t\t\t<\/div>\n\t\t\t\t\t<\/div>\n\t\t\t\t<\/div>\n\t\t\t\t\t<\/div>\n\t\t\t\t<\/div>\n\t\t\t\t<\/div>\n\t\t","protected":false},"excerpt":{"rendered":"<p>Private Label L\u2019esprit cr\u00e9atif Produits glac\u00e9s personnalis\u00e9s pour votre marque Vous \u00eates un d\u00e9taillant qui propose une gamme de glaces o\u00f9 vous avez une marque que vous souhaitez compl\u00e9ter par des produits \u00e0 base de glaces? Avec nous, vous \u00eates \u00e0 la bonne adresse: C&rsquo;est un plaisir pour nous d&rsquo;\u00eatre votre partenaire dans le d\u00e9veloppement [&hellip;]<\/p>\n","protected":false},"author":3,"featured_media":0,"parent":0,"menu_order":0,"comment_status":"closed","ping_status":"closed","template":"","meta":{"_acf_changed":false,"inline_featured_image":false,"footnotes":""},"class_list":["post-18474","page","type-page","status-publish","hentry"],"acf":[],"_links":{"self":[{"href":"https:\/\/mistercool.ch\/fr\/wp-json\/wp\/v2\/pages\/18474","targetHints":{"allow":["GET"]}}],"collection":[{"href":"https:\/\/mistercool.ch\/fr\/wp-json\/wp\/v2\/pages"}],"about":[{"href":"https:\/\/mistercool.ch\/fr\/wp-json\/wp\/v2\/types\/page"}],"author":[{"embeddable":true,"href":"https:\/\/mistercool.ch\/fr\/wp-json\/wp\/v2\/users\/3"}],"replies":[{"embeddable":true,"href":"https:\/\/mistercool.ch\/fr\/wp-json\/wp\/v2\/comments?post=18474"}],"version-history":[{"count":8,"href":"https:\/\/mistercool.ch\/fr\/wp-json\/wp\/v2\/pages\/18474\/revisions"}],"predecessor-version":[{"id":18652,"href":"https:\/\/mistercool.ch\/fr\/wp-json\/wp\/v2\/pages\/18474\/revisions\/18652"}],"wp:attachment":[{"href":"https:\/\/mistercool.ch\/fr\/wp-json\/wp\/v2\/media?parent=18474"}],"curies":[{"name":"wp","href":"https:\/\/api.w.org\/{rel}","templated":true}]}}